{"id":817,"date":"2024-12-29T13:11:56","date_gmt":"2024-12-29T12:11:56","guid":{"rendered":"https:\/\/www.audiofarm.it\/?page_id=817"},"modified":"2024-12-29T15:23:33","modified_gmt":"2024-12-29T14:23:33","slug":"post-produzione-audio","status":"publish","type":"page","link":"https:\/\/www.audiofarm.it\/index.php\/post-produzione-audio\/","title":{"rendered":"Post produzione"},"content":{"rendered":"\n<p><\/p>\n\n\n\n<div id=\"wp-block-themeisle-blocks-advanced-columns-6e65acfb\" class=\"wp-block-themeisle-blocks-advanced-columns alignfull has-2-columns has-desktop-equal-layout has-tablet-equal-layout has-mobile-collapsedRows-layout has-vertical-top ticss-c00aadba\"><div class=\"wp-block-themeisle-blocks-advanced-columns-overlay\"><\/div><div class=\"innerblocks-wrap\">\n<div id=\"wp-block-themeisle-blocks-advanced-column-f4333eeb\" class=\"wp-block-themeisle-blocks-advanced-column\">\n<p id=\"wp-block-themeisle-blocks-advanced-heading-91baffe5\" class=\"wp-block-themeisle-blocks-advanced-heading wp-block-themeisle-blocks-advanced-heading-91baffe5\"><\/p>\n\n\n\n<h2 id=\"wp-block-themeisle-blocks-advanced-heading-360f5b02\" class=\"wp-block-themeisle-blocks-advanced-heading wp-block-themeisle-blocks-advanced-heading-360f5b02\"><strong>Fabrizio Foti: Un Percorso Eccellente nel Mondo del Sound Design e del Mixaggio Audio<\/strong><\/h2>\n\n\n\n<p><\/p>\n<\/div>\n\n\n\n<div id=\"wp-block-themeisle-blocks-advanced-column-78ae8ec1\" class=\"wp-block-themeisle-blocks-advanced-column\">\n<figure class=\"wp-block-gallery has-nested-images columns-default is-cropped wp-block-gallery-1 is-layout-flex wp-block-gallery-is-layout-flex\">\n<figure class=\"wp-block-image size-full\"><img loading=\"lazy\" decoding=\"async\" width=\"640\" height=\"480\" data-id=\"828\" src=\"https:\/\/www.audiofarm.it\/wp-content\/uploads\/2024\/12\/DC12748C-6166-41F4-8834-CA2661A77374.jpeg\" alt=\"\" class=\"wp-image-828\" srcset=\"https:\/\/www.audiofarm.it\/wp-content\/uploads\/2024\/12\/DC12748C-6166-41F4-8834-CA2661A77374.jpeg 640w, https:\/\/www.audiofarm.it\/wp-content\/uploads\/2024\/12\/DC12748C-6166-41F4-8834-CA2661A77374-300x225.jpeg 300w\" sizes=\"auto, (max-width: 640px) 100vw, 640px\" \/><\/figure>\n<\/figure>\n<\/div>\n<\/div><\/div>\n\n\n\n<p>Fabrizio Foti \u00e8 un professionista con oltre 20 anni di esperienza nel settore della post-produzione audio, specializzato in mixaggio e sound design per cinema, pubblicit\u00e0 e televisione.Nel 2006, ha fondato Audiofarm, una societ\u00e0 dedicata alla registrazione di suoni sul campo, offrendo servizi di alta qualit\u00e0 per diverse produzioni.<\/p>\n\n\n\n<p><strong>Esperienze Cinematografiche e Televisive<\/strong><\/p>\n\n\n\n<p>Tra i suoi lavori pi\u00f9 significativi,  Coloradio Film per il film &#8220;Area Paradiso&#8221; (2012), occupandosi della presa diretta audio, del sound design e del mix.Ha inoltre contribuito al documentario &#8220;Soul Travel&#8221; (2021) regia di Guia Zapponi  , curando l&#8217;editing del dialogo, il mixaggio finale, il Foley e il sound design.<\/p>\n\n\n\n<p><strong>Collaborazioni con Grandi Studi<\/strong><\/p>\n\n\n\n<p>Ha lavorato per  Warner Bros grazie alla collaborazione  con la casa di produzione <a href=\"https:\/\/www.storyfarm.it\/\">Storyfarm<\/a> per il progetto &#8220;Il Mondo di Marm\u00f2&#8221;, gestendo la presa diretta il mixaggio e il sound design.Con Sony, ha contribuito al documentario &#8220;Un Natale Favoloso&#8221;, trasmesso su Amazon Prime Video, curando la presa diretta e il mixaggio audio.Ha anche lavorato grazie a <a href=\"https:\/\/thelogaudio.it\/\">The Log studio<\/a>,  alla serie animata &#8220;Bat Pat&#8221; (2015), occupandosi del sound design per 41 episodi.<\/p>\n\n\n\n<p><strong>Progetti Recenti e Riconoscimenti<\/strong><\/p>\n\n\n\n<p>Nel 2022, Fabrizio ha lavorato come sound mixer per la serie televisiva <a href=\"https:\/\/www.discoveryplus.com\/it\/show\/stigma-invisibile\">&#8220;Stigma Invisibile&#8221;<\/a> in onda su Discovery+.La sua dedizione e competenza gli hanno permesso di collaborare con numerosi professionisti del settore, consolidando la sua reputazione come esperto nel campo del sound design e del mixaggio audio.<\/p>\n\n\n\n<p>Per ulteriori dettagli sulla carriera di Fabrizio Foti, \u00e8 possibile consultare il suo profilo su IMDb<\/p>\n\n\n\n<figure class=\"wp-block-image size-full is-resized\"><a href=\"https:\/\/www.imdb.com\/name\/nm9656090\" target=\"_blank\" rel=\" noreferrer noopener\"><img loading=\"lazy\" decoding=\"async\" width=\"193\" height=\"183\" src=\"https:\/\/www.audiofarm.it\/wp-content\/uploads\/2024\/12\/image.png\" alt=\"\" class=\"wp-image-819\" style=\"width:60px;height:auto\"\/><\/a><\/figure>\n\n\n\n<p>.<\/p>\n","protected":false},"excerpt":{"rendered":"<p>Fabrizio Foti \u00e8 un professionista con oltre 20 anni di esperienza nel settore della post-produzione audio, specializzato in mixaggio e sound design per cinema, pubblicit\u00e0 e televisione.Nel 2006, ha fondato Audiofarm, una societ\u00e0 dedicata alla registrazione di suoni sul campo, offrendo servizi di alta qualit\u00e0 per diverse produzioni. Esperienze Cinematografiche e Televisive Tra i suoi lavori pi\u00f9 significativi, Coloradio Film per il film &#8220;Area Paradiso&#8221; (2012), occupandosi della presa diretta audio, del sound design e del mix.Ha inoltre contribuito al documentario &#8220;Soul Travel&#8221; (2021) regia di Guia Zapponi , curando l&#8217;editing del dialogo, il mixaggio finale, il Foley e il sound design. Collaborazioni con Grandi Studi Ha lavorato per Warner Bros grazie alla collaborazione con la casa di produzione Storyfarm per il progetto &#8220;Il Mondo di Marm\u00f2&#8221;, gestendo la presa diretta il mixaggio e il sound design.Con Sony, ha contribuito al documentario &#8220;Un Natale Favoloso&#8221;, trasmesso su Amazon Prime Video, curando la presa diretta e il mixaggio audio.Ha anche lavorato grazie a The Log studio, alla serie animata &#8220;Bat Pat&#8221; (2015), occupandosi del sound design per 41 episodi. Progetti Recenti e Riconoscimenti Nel 2022, Fabrizio ha lavorato come sound mixer per la serie televisiva &#8220;Stigma Invisibile&#8221; in onda su Discovery+.La sua dedizione e competenza gli hanno permesso di collaborare con numerosi professionisti del settore, consolidando la sua reputazione come esperto nel campo del sound design e del mixaggio audio. Per ulteriori dettagli sulla carriera di Fabrizio Foti, \u00e8 possibile consultare il suo profilo su IMDb .<\/p>\n","protected":false},"author":1,"featured_media":0,"parent":0,"menu_order":0,"comment_status":"closed","ping_status":"closed","template":"","meta":{"_themeisle_gutenberg_block_has_review":false,"footnotes":""},"class_list":["post-817","page","type-page","status-publish","hentry"],"_links":{"self":[{"href":"https:\/\/www.audiofarm.it\/index.php\/wp-json\/wp\/v2\/pages\/817","targetHints":{"allow":["GET"]}}],"collection":[{"href":"https:\/\/www.audiofarm.it\/index.php\/wp-json\/wp\/v2\/pages"}],"about":[{"href":"https:\/\/www.audiofarm.it\/index.php\/wp-json\/wp\/v2\/types\/page"}],"author":[{"embeddable":true,"href":"https:\/\/www.audiofarm.it\/index.php\/wp-json\/wp\/v2\/users\/1"}],"replies":[{"embeddable":true,"href":"https:\/\/www.audiofarm.it\/index.php\/wp-json\/wp\/v2\/comments?post=817"}],"version-history":[{"count":10,"href":"https:\/\/www.audiofarm.it\/index.php\/wp-json\/wp\/v2\/pages\/817\/revisions"}],"predecessor-version":[{"id":852,"href":"https:\/\/www.audiofarm.it\/index.php\/wp-json\/wp\/v2\/pages\/817\/revisions\/852"}],"wp:attachment":[{"href":"https:\/\/www.audiofarm.it\/index.php\/wp-json\/wp\/v2\/media?parent=817"}],"curies":[{"name":"wp","href":"https:\/\/api.w.org\/{rel}","templated":true}]}}